{"id":1400,"date":"2022-12-20T07:36:48","date_gmt":"2022-12-20T07:36:48","guid":{"rendered":"https:\/\/guide.trustvalley.swiss\/home\/"},"modified":"2023-07-25T08:49:35","modified_gmt":"2023-07-25T08:49:35","slug":"home","status":"publish","type":"page","link":"https:\/\/guide.trustvalley.swiss\/de\/","title":{"rendered":"Home"},"content":{"rendered":"\n<div class=\"wp-block-cover alignfull is-light has-parallax\" style=\"padding-top:var(--wp--preset--spacing--50);padding-right:var(--wp--preset--spacing--50);padding-bottom:var(--wp--preset--spacing--50);padding-left:var(--wp--preset--spacing--50);min-height:441px;aspect-ratio:unset;\"><span aria-hidden=\"true\" class=\"wp-block-cover__background has-base-background-color has-background-dim-80 has-background-dim\"><\/span><div role=\"img\" class=\"wp-block-cover__image-background wp-image-1206 has-parallax\" style=\"background-position:50% 50%;background-image:url(https:\/\/guide.trustvalley.swiss\/wp-content\/uploads\/2023\/02\/cybersecurity-toolkit-sme-trust-valley-2023-white.png)\"><\/div><div class=\"wp-block-cover__inner-container is-layout-flow wp-block-cover-is-layout-flow\">\n<div class=\"wp-block-columns alignwide is-layout-flex wp-container-core-columns-is-layout-28f84493 wp-block-columns-is-layout-flex\">\n<div class=\"wp-block-column is-layout-flow wp-block-column-is-layout-flow\" style=\"flex-basis:60%\">\n<h4 class=\"wp-block-heading has-secondary-color has-text-color has-medium-font-size\" style=\"font-style:normal;font-weight:600;text-transform:uppercase\">Cyber-Leitfaden<\/h4>\n\n\n\n<h2 class=\"wp-block-heading alignwide has-contrast-color has-text-color\" style=\"font-style:normal;font-weight:600\">Digitale Sicherheit: ein praktischer Leitfaden f\u00fcr KMU<\/h2>\n\n\n\n<div style=\"height:71px\" aria-hidden=\"true\" class=\"wp-block-spacer\"><\/div>\n\n\n\n<p class=\"has-contrast-color has-text-color has-medium-font-size\" style=\"margin-bottom:var(--wp--preset--spacing--30)\">Ein Best-Practice-Leitfaden f\u00fcr Cybersicherheit und digitales Vertrauen, der Schweizer KMU dabei helfen soll, sich besser vor Cyberangriffen zu sch\u00fctzen und bei Cybervorf\u00e4llen effektiv zu reagieren. <\/p>\n\n\n\n<div class=\"wp-block-buttons is-layout-flex wp-container-core-buttons-is-layout-da267d74 wp-block-buttons-is-layout-flex\">\n<div class=\"wp-block-button\"><a class=\"wp-block-button__link wp-element-button\" href=\"#modules\">Entdecken Sie unseren Leitfaden<\/a><\/div>\n\n\n\n<div class=\"wp-block-button\"><a class=\"wp-block-button__link has-base-color has-secondary-background-color has-text-color has-background wp-element-button\" href=\"https:\/\/app.decilio.ch\/forms\/ba1108c4-57ab-45e0-b8ee-69ec5d35d2f2\" target=\"_blank\" rel=\"noreferrer noopener\">Herunterladen im pdf-Format<\/a><\/div>\n<\/div>\n\n\n\n<div style=\"height:108px\" aria-hidden=\"true\" class=\"wp-block-spacer\"><\/div>\n<\/div>\n\n\n\n<div class=\"wp-block-column is-layout-flow wp-block-column-is-layout-flow\" style=\"flex-basis:40px\"><\/div>\n<\/div>\n\n\n\n<div class=\"wp-block-group is-layout-flex wp-container-core-group-is-layout-d413e946 wp-block-group-is-layout-flex\">\n<figure class=\"wp-block-image size-large is-resized\"><img loading=\"lazy\" decoding=\"async\" src=\"https:\/\/guide.trustvalley.swiss\/wp-content\/uploads\/2023\/01\/trust4smes_logo-1024x233.png\" alt=\"\" class=\"wp-image-648\" width=\"206\" height=\"47\" srcset=\"https:\/\/guide.trustvalley.swiss\/wp-content\/uploads\/2023\/01\/trust4smes_logo-1024x233.png 1024w, https:\/\/guide.trustvalley.swiss\/wp-content\/uploads\/2023\/01\/trust4smes_logo-300x68.png 300w, https:\/\/guide.trustvalley.swiss\/wp-content\/uploads\/2023\/01\/trust4smes_logo-768x175.png 768w, https:\/\/guide.trustvalley.swiss\/wp-content\/uploads\/2023\/01\/trust4smes_logo.png 1222w\" sizes=\"auto, (max-width: 206px) 100vw, 206px\" \/><\/figure>\n\n\n\n<figure class=\"wp-block-image size-large is-resized\"><img decoding=\"async\" src=\"https:\/\/guide.trustvalley.swiss\/wp-content\/uploads\/2023\/01\/trustvalley_logo_dark-1024x152.png\" alt=\"\" class=\"wp-image-851\" width=\"220\" srcset=\"https:\/\/guide.trustvalley.swiss\/wp-content\/uploads\/2023\/01\/trustvalley_logo_dark-1024x152.png 1024w, https:\/\/guide.trustvalley.swiss\/wp-content\/uploads\/2023\/01\/trustvalley_logo_dark-300x44.png 300w, https:\/\/guide.trustvalley.swiss\/wp-content\/uploads\/2023\/01\/trustvalley_logo_dark-768x114.png 768w, https:\/\/guide.trustvalley.swiss\/wp-content\/uploads\/2023\/01\/trustvalley_logo_dark.png 1080w\" sizes=\"(max-width: 1024px) 100vw, 1024px\" \/><\/figure>\n\n\n\n<figure class=\"wp-block-image size-medium is-resized\"><img decoding=\"async\" src=\"https:\/\/guide.trustvalley.swiss\/wp-content\/uploads\/2023\/01\/logo-ncsc-300x121.png\" alt=\"\" class=\"wp-image-848\" width=\"210\" srcset=\"https:\/\/guide.trustvalley.swiss\/wp-content\/uploads\/2023\/01\/logo-ncsc-300x121.png 300w, https:\/\/guide.trustvalley.swiss\/wp-content\/uploads\/2023\/01\/logo-ncsc-768x309.png 768w, https:\/\/guide.trustvalley.swiss\/wp-content\/uploads\/2023\/01\/logo-ncsc.png 771w\" sizes=\"(max-width: 300px) 100vw, 300px\" \/><\/figure>\n<\/div>\n<\/div><\/div>\n\n\n\n<div style=\"height:56px\" aria-hidden=\"true\" class=\"wp-block-spacer\"><\/div>\n\n\n\n<div class=\"wp-block-group alignwide is-layout-flow wp-block-group-is-layout-flow\"><form role=\"search\" method=\"get\" action=\"https:\/\/guide.trustvalley.swiss\/de\/\" class=\"wp-block-search__button-outside wp-block-search__text-button aligncenter search-bar-container wp-block-search\"    ><label class=\"wp-block-search__label screen-reader-text\" for=\"wp-block-search__input-1\" >Search<\/label><div class=\"wp-block-search__inside-wrapper\"  style=\"width: 100%\"><input class=\"wp-block-search__input\" id=\"wp-block-search__input-1\" placeholder=\"\" value=\"\" type=\"search\" name=\"s\" required \/><button aria-label=\"Search\" class=\"wp-block-search__button has-text-color has-base-color has-background has-contrast-background-color wp-element-button\" type=\"submit\" >Search<\/button><\/div><\/form>\n\n\n<div style=\"height:63px\" aria-hidden=\"true\" class=\"wp-block-spacer\"><\/div>\n\n\n\n<h4 class=\"wp-block-heading\" id=\"modules\" style=\"margin-bottom:var(--wp--preset--spacing--30)\">Module<\/h4>\n\n\n<div class=\"cg-modules-grid\">\t\t<a href=\"https:\/\/guide.trustvalley.swiss\/de\/module\/gesetzgebung-und-compliance\/\">\n\t\t\t<div class=\"cg-module-card\">\n\t\t\t\t<div class=\"cg-module-img-container\">\n\t\t\t\t\t<img decoding=\"async\" src=\"https:\/\/guide.trustvalley.swiss\/wp-content\/uploads\/2022\/12\/guide-cyber-icons_1.png\" \/>\n\t\t\t\t<\/div>\n\t\t\t\t<div class=\"cg-module-title\">Gesetzgebung und Compliance<\/div>\n\n\t\t\t\t<div class=\"cg-module-subtitle\">\n\t\t\t\t\t\t\t\t\t<\/div>\n\t\t\t<\/div>\n\t\t<\/a>\n\t\t\t\t<a href=\"https:\/\/guide.trustvalley.swiss\/de\/module\/faktor-mensch\/\">\n\t\t\t<div class=\"cg-module-card\">\n\t\t\t\t<div class=\"cg-module-img-container\">\n\t\t\t\t\t<img decoding=\"async\" src=\"https:\/\/guide.trustvalley.swiss\/wp-content\/uploads\/2022\/12\/guide-cyber-icons_2.png\" \/>\n\t\t\t\t<\/div>\n\t\t\t\t<div class=\"cg-module-title\">Faktor Mensch<\/div>\n\n\t\t\t\t<div class=\"cg-module-subtitle\">\n\t\t\t\t\tGute Praktiken f\u00fcr die Sensibilisierung der Mitarbeiter\t\t\t\t<\/div>\n\t\t\t<\/div>\n\t\t<\/a>\n\t\t\t\t<a href=\"https:\/\/guide.trustvalley.swiss\/de\/module\/governance-und-cyberrisiken\/\">\n\t\t\t<div class=\"cg-module-card\">\n\t\t\t\t<div class=\"cg-module-img-container\">\n\t\t\t\t\t<img decoding=\"async\" src=\"https:\/\/guide.trustvalley.swiss\/wp-content\/uploads\/2022\/12\/guide-cyber-icons_3.png\" \/>\n\t\t\t\t<\/div>\n\t\t\t\t<div class=\"cg-module-title\">Governance und Cyberrisiken<\/div>\n\n\t\t\t\t<div class=\"cg-module-subtitle\">\n\t\t\t\t\tSchl\u00fcssel f\u00fcr eine effektive Cybersicherheitsstrategie anbieten\t\t\t\t<\/div>\n\t\t\t<\/div>\n\t\t<\/a>\n\t\t\t\t<a href=\"https:\/\/guide.trustvalley.swiss\/de\/module\/technologien-und-schutz\/\">\n\t\t\t<div class=\"cg-module-card\">\n\t\t\t\t<div class=\"cg-module-img-container\">\n\t\t\t\t\t<img decoding=\"async\" src=\"https:\/\/guide.trustvalley.swiss\/wp-content\/uploads\/2022\/12\/guide-cyber-icons_4.png\" \/>\n\t\t\t\t<\/div>\n\t\t\t\t<div class=\"cg-module-title\">Technologien und Schutz<\/div>\n\n\t\t\t\t<div class=\"cg-module-subtitle\">\n\t\t\t\t\t\t\t\t\t<\/div>\n\t\t\t<\/div>\n\t\t<\/a>\n\t\t\t\t<a href=\"https:\/\/guide.trustvalley.swiss\/de\/module\/betriebskontinuitaet\/\">\n\t\t\t<div class=\"cg-module-card\">\n\t\t\t\t<div class=\"cg-module-img-container\">\n\t\t\t\t\t<img decoding=\"async\" src=\"https:\/\/guide.trustvalley.swiss\/wp-content\/uploads\/2022\/12\/guide-cyber-icons_5.png\" \/>\n\t\t\t\t<\/div>\n\t\t\t\t<div class=\"cg-module-title\">Betriebskontinuit\u00e4t<\/div>\n\n\t\t\t\t<div class=\"cg-module-subtitle\">\n\t\t\t\t\t\t\t\t\t<\/div>\n\t\t\t<\/div>\n\t\t<\/a>\n\t\t\t\t<a href=\"https:\/\/guide.trustvalley.swiss\/de\/module\/vertraege-und-audit-sla\/\">\n\t\t\t<div class=\"cg-module-card\">\n\t\t\t\t<div class=\"cg-module-img-container\">\n\t\t\t\t\t<img decoding=\"async\" src=\"https:\/\/guide.trustvalley.swiss\/wp-content\/uploads\/2022\/12\/guide-cyber-icons_6.png\" \/>\n\t\t\t\t<\/div>\n\t\t\t\t<div class=\"cg-module-title\">Vertr\u00e4ge und Audit (SLA)<\/div>\n\n\t\t\t\t<div class=\"cg-module-subtitle\">\n\t\t\t\t\t\t\t\t\t<\/div>\n\t\t\t<\/div>\n\t\t<\/a>\n\t\t\t\t<a href=\"https:\/\/guide.trustvalley.swiss\/de\/module\/verantwortlichkeiten-des-verwaltungsrates\/\">\n\t\t\t<div class=\"cg-module-card\">\n\t\t\t\t<div class=\"cg-module-img-container\">\n\t\t\t\t\t<img decoding=\"async\" src=\"https:\/\/guide.trustvalley.swiss\/wp-content\/uploads\/2022\/12\/guide-cyber-icons_7.png\" \/>\n\t\t\t\t<\/div>\n\t\t\t\t<div class=\"cg-module-title\">Verantwortlichkeiten des Verwaltungsrates<\/div>\n\n\t\t\t\t<div class=\"cg-module-subtitle\">\n\t\t\t\t\t\t\t\t\t<\/div>\n\t\t\t<\/div>\n\t\t<\/a>\n\t\t\t\t<a href=\"https:\/\/guide.trustvalley.swiss\/de\/module\/ressourcen\/\">\n\t\t\t<div class=\"cg-module-card\">\n\t\t\t\t<div class=\"cg-module-img-container\">\n\t\t\t\t\t<img decoding=\"async\" src=\"https:\/\/guide.trustvalley.swiss\/wp-content\/uploads\/2022\/12\/guide-cyber-icons_8.png\" \/>\n\t\t\t\t<\/div>\n\t\t\t\t<div class=\"cg-module-title\">Ressourcen<\/div>\n\n\t\t\t\t<div class=\"cg-module-subtitle\">\n\t\t\t\t\t\t\t\t\t<\/div>\n\t\t\t<\/div>\n\t\t<\/a>\n\t\t<\/div>\n\n\n<p><\/p>\n<\/div>\n\n\n\n<div style=\"height:100px\" aria-hidden=\"true\" class=\"wp-block-spacer\"><\/div>\n","protected":false},"excerpt":{"rendered":"<p>Module<\/p>\n","protected":false},"author":1,"featured_media":0,"parent":0,"menu_order":0,"comment_status":"closed","ping_status":"closed","template":"","meta":{"_kad_blocks_custom_css":"","_kad_blocks_head_custom_js":"","_kad_blocks_body_custom_js":"","_kad_blocks_footer_custom_js":"","footnotes":""},"searchablecategory":[],"class_list":["post-1400","page","type-page","status-publish","hentry"],"taxonomy_info":[],"featured_image_src_large":false,"author_info":{"display_name":"admin","author_link":"https:\/\/guide.trustvalley.swiss\/de\/author\/admin\/"},"comment_info":0,"_links":{"self":[{"href":"https:\/\/guide.trustvalley.swiss\/de\/wp-json\/wp\/v2\/pages\/1400","targetHints":{"allow":["GET"]}}],"collection":[{"href":"https:\/\/guide.trustvalley.swiss\/de\/wp-json\/wp\/v2\/pages"}],"about":[{"href":"https:\/\/guide.trustvalley.swiss\/de\/wp-json\/wp\/v2\/types\/page"}],"author":[{"embeddable":true,"href":"https:\/\/guide.trustvalley.swiss\/de\/wp-json\/wp\/v2\/users\/1"}],"replies":[{"embeddable":true,"href":"https:\/\/guide.trustvalley.swiss\/de\/wp-json\/wp\/v2\/comments?post=1400"}],"version-history":[{"count":4,"href":"https:\/\/guide.trustvalley.swiss\/de\/wp-json\/wp\/v2\/pages\/1400\/revisions"}],"predecessor-version":[{"id":2044,"href":"https:\/\/guide.trustvalley.swiss\/de\/wp-json\/wp\/v2\/pages\/1400\/revisions\/2044"}],"wp:attachment":[{"href":"https:\/\/guide.trustvalley.swiss\/de\/wp-json\/wp\/v2\/media?parent=1400"}],"wp:term":[{"taxonomy":"searchablecategory","embeddable":true,"href":"https:\/\/guide.trustvalley.swiss\/de\/wp-json\/wp\/v2\/searchablecategory?post=1400"}],"curies":[{"name":"wp","href":"https:\/\/api.w.org\/{rel}","templated":true}]}}