{"id":1810,"date":"2023-02-01T19:40:25","date_gmt":"2023-02-01T19:40:25","guid":{"rendered":"https:\/\/guide.trustvalley.swiss\/rechtliche-hinweise\/"},"modified":"2023-07-04T07:01:39","modified_gmt":"2023-07-04T07:01:39","slug":"rechtliche-hinweise","status":"publish","type":"page","link":"https:\/\/guide.trustvalley.swiss\/de\/rechtliche-hinweise\/","title":{"rendered":"Rechtliche Hinweise"},"content":{"rendered":"\n<h2 class=\"wp-block-heading\">Rechtliche Hinweise<\/h2>\n\n<p>Der Leitfaden \u00abDigitale Sicherheit: ein praktischer Leitfaden f\u00fcr KMU\u00bb soll kleinen und mittleren Unternehmen (KMU) in der Schweiz die Kenntnisse und Instrumente zur Verf\u00fcgung stellen, die sie ben\u00f6tigen, um sich besser vor Cyberangriffen zu sch\u00fctzen und effizient auf einen Vorfall reagieren zu k\u00f6nnen.<\/p>\n\n<p>Er b\u00fcndelt Tipps, Erfahrungsberichte und Expertenwissen aus mehr als 50 Stunden Veranstaltungen, Diskussionen und Gespr\u00e4chen, die im Rahmen des Trust4SMEs Programms zur F\u00f6rderung der Cybersicherheit und des digitalen Vertrauens stattgefunden haben. Jedes Jahr stellt dieses Programm rund zwanzig KMU in der Genferseeregion Diagnosen, Aufkl\u00e4rungsaktionen, F\u00fchrungsschulungen und personalisierte Coachings sowie Verbesserungsmassnahmen und -tipps zur Verf\u00fcgung. Weitere Informationen unter: <a href=\"http:\/\/www.trustvalley.swiss\/trust4smes\">www.trustvalley.swiss\/trust4smes<\/a>  <\/p>\n\n<p>Die Verwendung der m\u00e4nnlichen Form gilt auch f\u00fcr die weibliche Form.<\/p>\n\n<p>Das Trust Valley beh\u00e4lt sich das Recht vor, diesen Leitfaden oder einzelne seiner Inhalte zu \u00e4ndern, zu aktualisieren oder zu l\u00f6schen. Dieser Leitfaden dient ausschliesslich Informationszwecken und muss kostenlos zug\u00e4nglich sein. <\/p>\n\n<p>Das Trust Valley bieten keine Gew\u00e4hr f\u00fcr Qualit\u00e4t, Vollst\u00e4ndigkeit, Korrektheit, Zuverl\u00e4ssigkeit, Relevanz oder Verf\u00fcgbarkeit der in diesem Leitfaden enthaltenen Informationen und Inhalte. Die Nutzerinnen und Nutzer dieses Leitfadens sind allein daf\u00fcr verantwortlich, die f\u00fcr ihre Situation geeigneten digitalen Sicherheitsmassnahmen zu bestimmen und sich ihrer Wirksamkeit zu vergewissern. <\/p>\n\n<p>Dieser Leitfaden, seine Inhalte oder Teile davon stellen weder ein Angebot noch die Bereitstellung irgendeiner Dienstleistung dar. Weder das Trust Valley \u00fcbernehmen diesbez\u00fcglich irgendeine Verantwortung und k\u00f6nnen unter keinen Umst\u00e4nden haftbar gemacht werden. <\/p>\n\n<h3 class=\"wp-block-heading\" style=\"padding-top:var(--wp--preset--spacing--40);padding-right:0;padding-bottom:var(--wp--preset--spacing--30);padding-left:0\">Copyright-Hinweis<\/h3>\n\n<p>2023 \u00a9 Trust Valley Alle Rechte vorbehalten<\/p>\n","protected":false},"excerpt":{"rendered":"<p>Rechtliche Hinweise Der Leitfaden \u00abDigitale Sicherheit: ein praktischer Leitfaden f\u00fcr KMU\u00bb soll kleinen und mittleren Unternehmen (KMU) in der Schweiz die Kenntnisse und Instrumente zur Verf\u00fcgung stellen, die sie ben\u00f6tigen, um sich besser vor Cyberangriffen zu sch\u00fctzen und effizient auf einen Vorfall reagieren zu k\u00f6nnen. Er b\u00fcndelt Tipps, Erfahrungsberichte und Expertenwissen aus mehr als 50 [&hellip;]<\/p>\n","protected":false},"author":2,"featured_media":0,"parent":0,"menu_order":0,"comment_status":"closed","ping_status":"closed","template":"","meta":{"_kad_blocks_custom_css":"","_kad_blocks_head_custom_js":"","_kad_blocks_body_custom_js":"","_kad_blocks_footer_custom_js":"","footnotes":""},"searchablecategory":[],"class_list":["post-1810","page","type-page","status-publish","hentry"],"taxonomy_info":[],"featured_image_src_large":false,"author_info":{"display_name":"Josua Rochat","author_link":"https:\/\/guide.trustvalley.swiss\/de\/author\/josua\/"},"comment_info":0,"_links":{"self":[{"href":"https:\/\/guide.trustvalley.swiss\/de\/wp-json\/wp\/v2\/pages\/1810","targetHints":{"allow":["GET"]}}],"collection":[{"href":"https:\/\/guide.trustvalley.swiss\/de\/wp-json\/wp\/v2\/pages"}],"about":[{"href":"https:\/\/guide.trustvalley.swiss\/de\/wp-json\/wp\/v2\/types\/page"}],"author":[{"embeddable":true,"href":"https:\/\/guide.trustvalley.swiss\/de\/wp-json\/wp\/v2\/users\/2"}],"replies":[{"embeddable":true,"href":"https:\/\/guide.trustvalley.swiss\/de\/wp-json\/wp\/v2\/comments?post=1810"}],"version-history":[{"count":1,"href":"https:\/\/guide.trustvalley.swiss\/de\/wp-json\/wp\/v2\/pages\/1810\/revisions"}],"predecessor-version":[{"id":1811,"href":"https:\/\/guide.trustvalley.swiss\/de\/wp-json\/wp\/v2\/pages\/1810\/revisions\/1811"}],"wp:attachment":[{"href":"https:\/\/guide.trustvalley.swiss\/de\/wp-json\/wp\/v2\/media?parent=1810"}],"wp:term":[{"taxonomy":"searchablecategory","embeddable":true,"href":"https:\/\/guide.trustvalley.swiss\/de\/wp-json\/wp\/v2\/searchablecategory?post=1810"}],"curies":[{"name":"wp","href":"https:\/\/api.w.org\/{rel}","templated":true}]}}