{"id":1135,"date":"2023-02-01T19:40:25","date_gmt":"2023-02-01T19:40:25","guid":{"rendered":"https:\/\/guide.trustvalley.swiss\/?page_id=1135"},"modified":"2023-07-04T06:58:27","modified_gmt":"2023-07-04T06:58:27","slug":"mentions-legales","status":"publish","type":"page","link":"https:\/\/guide.trustvalley.swiss\/fr\/mentions-legales\/","title":{"rendered":"Mentions l\u00e9gales"},"content":{"rendered":"\n<h2 class=\"wp-block-heading\">Mentions l\u00e9gales<\/h2>\n\n\n\n<p>Le guide \u201cS\u00e9curit\u00e9 num\u00e9rique: Un guide pratique pour PME\u201d a pour objectif de fournir aux petites et moyennes entreprises (PME) suisses les connaissances et les outils n\u00e9cessaires pour mieux se prot\u00e9ger contre les cyberattaques et r\u00e9agir de mani\u00e8re efficace en cas d\u2019incident.<\/p>\n\n\n\n<p>Ses contenus compilent conseils, t\u00e9moignages et expertises tir\u00e9s de plus de 50 heures d\u2019\u00e9v\u00e9nements, discussions et \u00e9changes dans le cadre du programme d\u2019accompagnement en cybers\u00e9curit\u00e9 et confiance num\u00e9rique Trust4SMEs. Ce programme offre chaque ann\u00e9e diagnostics, sensibilisations, formations des dirigeants et coaching personnalis\u00e9, ainsi que des mesures et conseils d\u2019am\u00e9lioration \u00e0 une vingtaine de PME de la r\u00e9gion de l\u2019arc l\u00e9manique. Plus d\u2019informations sur : <a href=\"http:\/\/www.trustvalley.swiss\/trust4smes\">www.trustvalley.swiss\/trust4smes<\/a><\/p>\n\n\n\n<p>L&rsquo;utilisation du masculin vaut pour le f\u00e9minin.<\/p>\n\n\n\n<p>La Trust Valley se r\u00e9serve le droit de modifier, mettre \u00e0 jour ou supprimer ce guide ou l&rsquo;un de ses contenus. Ce guide est destin\u00e9 \u00e0 des fins d&rsquo;information uniquement et doit \u00eatre accessible gratuitement.<\/p>\n\n\n\n<p>La Trust Valley  n\u2019offre aucune garantie quant \u00e0 la qualit\u00e9, l&rsquo;exhaustivit\u00e9, l&rsquo;exactitude, la fiabilit\u00e9, la pertinence ou la disponibilit\u00e9 de l\u2019information et du contenu pr\u00e9sents dans ce guide. Le lecteur et l\u2019utilisateur de ce guide est seul responsable de d\u00e9terminer les mesures de s\u00e9curit\u00e9 num\u00e9rique qui conviennent \u00e0 leur situation et de s\u2019assurer de leur efficacit\u00e9.<\/p>\n\n\n\n<p>Aucun \u00e9l\u00e9ment du contenu et de ce guide ne constitue une offre ou la livraison d\u2019un quelconque service. La Trust Valley n\u2019assume aucune responsabilit\u00e9 \u00e0 ce sujet et ne saurait en aucun cas \u00eatre tenus pour responsable.<\/p>\n\n\n\n<h3 class=\"wp-block-heading\" style=\"padding-top:var(--wp--preset--spacing--40);padding-right:0;padding-bottom:var(--wp--preset--spacing--30);padding-left:0\">Copyright notice<\/h3>\n\n\n\n<p>2023 \u00a9 Trust Valley. Tous droits r\u00e9serv\u00e9s<\/p>\n","protected":false},"excerpt":{"rendered":"<p>Mentions l\u00e9gales Le guide \u201cS\u00e9curit\u00e9 num\u00e9rique: Un guide pratique pour PME\u201d a pour objectif de fournir aux petites et moyennes entreprises (PME) suisses les connaissances et les outils n\u00e9cessaires pour mieux se prot\u00e9ger contre les cyberattaques et r\u00e9agir de mani\u00e8re efficace en cas d\u2019incident. Ses contenus compilent conseils, t\u00e9moignages et expertises tir\u00e9s de plus de [&hellip;]<\/p>\n","protected":false},"author":2,"featured_media":0,"parent":0,"menu_order":0,"comment_status":"closed","ping_status":"closed","template":"","meta":{"_kad_blocks_custom_css":"","_kad_blocks_head_custom_js":"","_kad_blocks_body_custom_js":"","_kad_blocks_footer_custom_js":"","footnotes":""},"searchablecategory":[],"class_list":["post-1135","page","type-page","status-publish","hentry"],"taxonomy_info":[],"featured_image_src_large":false,"author_info":{"display_name":"Josua Rochat","author_link":"https:\/\/guide.trustvalley.swiss\/fr\/author\/josua\/"},"comment_info":0,"_links":{"self":[{"href":"https:\/\/guide.trustvalley.swiss\/fr\/wp-json\/wp\/v2\/pages\/1135","targetHints":{"allow":["GET"]}}],"collection":[{"href":"https:\/\/guide.trustvalley.swiss\/fr\/wp-json\/wp\/v2\/pages"}],"about":[{"href":"https:\/\/guide.trustvalley.swiss\/fr\/wp-json\/wp\/v2\/types\/page"}],"author":[{"embeddable":true,"href":"https:\/\/guide.trustvalley.swiss\/fr\/wp-json\/wp\/v2\/users\/2"}],"replies":[{"embeddable":true,"href":"https:\/\/guide.trustvalley.swiss\/fr\/wp-json\/wp\/v2\/comments?post=1135"}],"version-history":[{"count":4,"href":"https:\/\/guide.trustvalley.swiss\/fr\/wp-json\/wp\/v2\/pages\/1135\/revisions"}],"predecessor-version":[{"id":1809,"href":"https:\/\/guide.trustvalley.swiss\/fr\/wp-json\/wp\/v2\/pages\/1135\/revisions\/1809"}],"wp:attachment":[{"href":"https:\/\/guide.trustvalley.swiss\/fr\/wp-json\/wp\/v2\/media?parent=1135"}],"wp:term":[{"taxonomy":"searchablecategory","embeddable":true,"href":"https:\/\/guide.trustvalley.swiss\/fr\/wp-json\/wp\/v2\/searchablecategory?post=1135"}],"curies":[{"name":"wp","href":"https:\/\/api.w.org\/{rel}","templated":true}]}}