{"id":1689,"date":"2022-12-20T07:36:48","date_gmt":"2022-12-20T07:36:48","guid":{"rendered":"https:\/\/guide.trustvalley.swiss\/home\/"},"modified":"2023-07-25T08:50:07","modified_gmt":"2023-07-25T08:50:07","slug":"home","status":"publish","type":"page","link":"https:\/\/guide.trustvalley.swiss\/it\/","title":{"rendered":"Home"},"content":{"rendered":"\n<div class=\"wp-block-cover alignfull is-light has-parallax\" style=\"padding-top:var(--wp--preset--spacing--50);padding-right:var(--wp--preset--spacing--50);padding-bottom:var(--wp--preset--spacing--50);padding-left:var(--wp--preset--spacing--50);min-height:441px;aspect-ratio:unset;\"><span aria-hidden=\"true\" class=\"wp-block-cover__background has-base-background-color has-background-dim-80 has-background-dim\"><\/span><div role=\"img\" class=\"wp-block-cover__image-background wp-image-1206 has-parallax\" style=\"background-position:50% 50%;background-image:url(https:\/\/guide.trustvalley.swiss\/wp-content\/uploads\/2023\/02\/cybersecurity-toolkit-sme-trust-valley-2023-white.png)\"><\/div><div class=\"wp-block-cover__inner-container is-layout-flow wp-block-cover-is-layout-flow\">\n<div class=\"wp-block-columns alignwide is-layout-flex wp-container-core-columns-is-layout-28f84493 wp-block-columns-is-layout-flex\">\n<div class=\"wp-block-column is-layout-flow wp-block-column-is-layout-flow\" style=\"flex-basis:60%\">\n<h4 class=\"wp-block-heading has-secondary-color has-text-color has-medium-font-size\" style=\"font-style:normal;font-weight:600;text-transform:uppercase\">Toolkit per la sicurezza informatica e la fiducia digitale<\/h4>\n\n\n\n<h2 class=\"wp-block-heading alignwide has-contrast-color has-text-color\" style=\"font-style:normal;font-weight:600\">Sicurezza digitale: guida pratica per le PMI<\/h2>\n\n\n\n<div style=\"height:71px\" aria-hidden=\"true\" class=\"wp-block-spacer\"><\/div>\n\n\n\n<p class=\"has-contrast-color has-text-color has-medium-font-size\" style=\"margin-bottom:var(--wp--preset--spacing--30)\">Ein Best-Practice-Leitfaden f\u00fcr Cybersicherheit und digitales Vertrauen, der Schweizer KMU dabei helfen soll, sich besser vor Cyberangriffen zu sch\u00fctzen und bei Cybervorf\u00e4llen effektiv zu reagieren. <\/p>\n\n\n\n<div class=\"wp-block-buttons is-layout-flex wp-container-core-buttons-is-layout-da267d74 wp-block-buttons-is-layout-flex\">\n<div class=\"wp-block-button\"><a class=\"wp-block-button__link wp-element-button\" href=\"#modules\">Scopri la nostra guida<\/a><\/div>\n\n\n\n<div class=\"wp-block-button\"><a class=\"wp-block-button__link has-base-color has-secondary-background-color has-text-color has-background wp-element-button\" href=\"https:\/\/app.decilio.ch\/forms\/902ca884-1ada-40ca-b660-a565e7633e2a\" target=\"_blank\" rel=\"noreferrer noopener\">Scarica in pdf<\/a><\/div>\n<\/div>\n\n\n\n<div style=\"height:108px\" aria-hidden=\"true\" class=\"wp-block-spacer\"><\/div>\n<\/div>\n\n\n\n<div class=\"wp-block-column is-layout-flow wp-block-column-is-layout-flow\" style=\"flex-basis:40px\"><\/div>\n<\/div>\n\n\n\n<div class=\"wp-block-group is-layout-flex wp-container-core-group-is-layout-d413e946 wp-block-group-is-layout-flex\">\n<figure class=\"wp-block-image size-large is-resized\"><img loading=\"lazy\" decoding=\"async\" src=\"https:\/\/guide.trustvalley.swiss\/wp-content\/uploads\/2023\/01\/trust4smes_logo-1024x233.png\" alt=\"\" class=\"wp-image-648\" width=\"206\" height=\"47\" srcset=\"https:\/\/guide.trustvalley.swiss\/wp-content\/uploads\/2023\/01\/trust4smes_logo-1024x233.png 1024w, https:\/\/guide.trustvalley.swiss\/wp-content\/uploads\/2023\/01\/trust4smes_logo-300x68.png 300w, https:\/\/guide.trustvalley.swiss\/wp-content\/uploads\/2023\/01\/trust4smes_logo-768x175.png 768w, https:\/\/guide.trustvalley.swiss\/wp-content\/uploads\/2023\/01\/trust4smes_logo.png 1222w\" sizes=\"auto, (max-width: 206px) 100vw, 206px\" \/><\/figure>\n\n\n\n<figure class=\"wp-block-image size-large is-resized\"><img decoding=\"async\" src=\"https:\/\/guide.trustvalley.swiss\/wp-content\/uploads\/2023\/01\/trustvalley_logo_dark-1024x152.png\" alt=\"\" class=\"wp-image-851\" width=\"220\" srcset=\"https:\/\/guide.trustvalley.swiss\/wp-content\/uploads\/2023\/01\/trustvalley_logo_dark-1024x152.png 1024w, https:\/\/guide.trustvalley.swiss\/wp-content\/uploads\/2023\/01\/trustvalley_logo_dark-300x44.png 300w, https:\/\/guide.trustvalley.swiss\/wp-content\/uploads\/2023\/01\/trustvalley_logo_dark-768x114.png 768w, https:\/\/guide.trustvalley.swiss\/wp-content\/uploads\/2023\/01\/trustvalley_logo_dark.png 1080w\" sizes=\"(max-width: 1024px) 100vw, 1024px\" \/><\/figure>\n\n\n\n<figure class=\"wp-block-image size-medium is-resized\"><img decoding=\"async\" src=\"https:\/\/guide.trustvalley.swiss\/wp-content\/uploads\/2023\/01\/logo-ncsc-300x121.png\" alt=\"\" class=\"wp-image-848\" width=\"210\" srcset=\"https:\/\/guide.trustvalley.swiss\/wp-content\/uploads\/2023\/01\/logo-ncsc-300x121.png 300w, https:\/\/guide.trustvalley.swiss\/wp-content\/uploads\/2023\/01\/logo-ncsc-768x309.png 768w, https:\/\/guide.trustvalley.swiss\/wp-content\/uploads\/2023\/01\/logo-ncsc.png 771w\" sizes=\"(max-width: 300px) 100vw, 300px\" \/><\/figure>\n<\/div>\n<\/div><\/div>\n\n\n\n<div style=\"height:56px\" aria-hidden=\"true\" class=\"wp-block-spacer\"><\/div>\n\n\n\n<div class=\"wp-block-group alignwide is-layout-flow wp-block-group-is-layout-flow\"><form role=\"search\" method=\"get\" action=\"https:\/\/guide.trustvalley.swiss\/it\/\" class=\"wp-block-search__button-outside wp-block-search__text-button aligncenter search-bar-container wp-block-search\"    ><label class=\"wp-block-search__label screen-reader-text\" for=\"wp-block-search__input-1\" >Search<\/label><div class=\"wp-block-search__inside-wrapper\"  style=\"width: 100%\"><input class=\"wp-block-search__input\" id=\"wp-block-search__input-1\" placeholder=\"\" value=\"\" type=\"search\" name=\"s\" required \/><button aria-label=\"Search\" class=\"wp-block-search__button has-text-color has-base-color has-background has-contrast-background-color wp-element-button\" type=\"submit\" >Search<\/button><\/div><\/form>\n\n\n<div style=\"height:63px\" aria-hidden=\"true\" class=\"wp-block-spacer\"><\/div>\n\n\n\n<h4 class=\"wp-block-heading\" id=\"modules\" style=\"margin-bottom:var(--wp--preset--spacing--30)\">Moduli<\/h4>\n\n\n<div class=\"cg-modules-grid\">\t\t<a href=\"https:\/\/guide.trustvalley.swiss\/it\/module\/diritto-e-conformita\/\">\n\t\t\t<div class=\"cg-module-card\">\n\t\t\t\t<div class=\"cg-module-img-container\">\n\t\t\t\t\t<img decoding=\"async\" src=\"https:\/\/guide.trustvalley.swiss\/wp-content\/uploads\/2022\/12\/guide-cyber-icons_1.png\" \/>\n\t\t\t\t<\/div>\n\t\t\t\t<div class=\"cg-module-title\">Diritto e conformit\u00e0<\/div>\n\n\t\t\t\t<div class=\"cg-module-subtitle\">\n\t\t\t\t\tAcquisire una migliore comprensione della protezione dei dati dal punto di vista legale\t\t\t\t<\/div>\n\t\t\t<\/div>\n\t\t<\/a>\n\t\t\t\t<a href=\"https:\/\/guide.trustvalley.swiss\/it\/module\/fattore-umano\/\">\n\t\t\t<div class=\"cg-module-card\">\n\t\t\t\t<div class=\"cg-module-img-container\">\n\t\t\t\t\t<img decoding=\"async\" src=\"https:\/\/guide.trustvalley.swiss\/wp-content\/uploads\/2022\/12\/guide-cyber-icons_2.png\" \/>\n\t\t\t\t<\/div>\n\t\t\t\t<div class=\"cg-module-title\">Fattore umano<\/div>\n\n\t\t\t\t<div class=\"cg-module-subtitle\">\n\t\t\t\t\tLe migliori pratiche di sensibilizzazione dei dipendenti\t\t\t\t<\/div>\n\t\t\t<\/div>\n\t\t<\/a>\n\t\t\t\t<a href=\"https:\/\/guide.trustvalley.swiss\/it\/module\/governance-e-ciber-rischi\/\">\n\t\t\t<div class=\"cg-module-card\">\n\t\t\t\t<div class=\"cg-module-img-container\">\n\t\t\t\t\t<img decoding=\"async\" src=\"https:\/\/guide.trustvalley.swiss\/wp-content\/uploads\/2022\/12\/guide-cyber-icons_3.png\" \/>\n\t\t\t\t<\/div>\n\t\t\t\t<div class=\"cg-module-title\">Governance e ciber-rischi<\/div>\n\n\t\t\t\t<div class=\"cg-module-subtitle\">\n\t\t\t\t\tOffrire le chiavi per una strategia di sicurezza informatica efficace\t\t\t\t<\/div>\n\t\t\t<\/div>\n\t\t<\/a>\n\t\t\t\t<a href=\"https:\/\/guide.trustvalley.swiss\/it\/module\/tecnologie-e-protezioni\/\">\n\t\t\t<div class=\"cg-module-card\">\n\t\t\t\t<div class=\"cg-module-img-container\">\n\t\t\t\t\t<img decoding=\"async\" src=\"https:\/\/guide.trustvalley.swiss\/wp-content\/uploads\/2022\/12\/guide-cyber-icons_4.png\" \/>\n\t\t\t\t<\/div>\n\t\t\t\t<div class=\"cg-module-title\">Tecnologie e protezioni<\/div>\n\n\t\t\t\t<div class=\"cg-module-subtitle\">\n\t\t\t\t\tIdee concrete sulle tecnologie e sulle soluzioni di protezione per le PMI\t\t\t\t<\/div>\n\t\t\t<\/div>\n\t\t<\/a>\n\t\t\t\t<a href=\"https:\/\/guide.trustvalley.swiss\/it\/module\/continuita-operativa\/\">\n\t\t\t<div class=\"cg-module-card\">\n\t\t\t\t<div class=\"cg-module-img-container\">\n\t\t\t\t\t<img decoding=\"async\" src=\"https:\/\/guide.trustvalley.swiss\/wp-content\/uploads\/2022\/12\/guide-cyber-icons_5.png\" \/>\n\t\t\t\t<\/div>\n\t\t\t\t<div class=\"cg-module-title\">Continuit\u00e0 operativa<\/div>\n\n\t\t\t\t<div class=\"cg-module-subtitle\">\n\t\t\t\t\tAcquisire competenze chiave per la gestione delle crisi informatiche\t\t\t\t<\/div>\n\t\t\t<\/div>\n\t\t<\/a>\n\t\t\t\t<a href=\"https:\/\/guide.trustvalley.swiss\/it\/module\/contratti-e-verifiche-sla\/\">\n\t\t\t<div class=\"cg-module-card\">\n\t\t\t\t<div class=\"cg-module-img-container\">\n\t\t\t\t\t<img decoding=\"async\" src=\"https:\/\/guide.trustvalley.swiss\/wp-content\/uploads\/2022\/12\/guide-cyber-icons_6.png\" \/>\n\t\t\t\t<\/div>\n\t\t\t\t<div class=\"cg-module-title\">Contratti e verifiche (SLA)<\/div>\n\n\t\t\t\t<div class=\"cg-module-subtitle\">\n\t\t\t\t\tConsigli pratici sui contratti e sulla gestione del rischio di processo\t\t\t\t<\/div>\n\t\t\t<\/div>\n\t\t<\/a>\n\t\t\t\t<a href=\"https:\/\/guide.trustvalley.swiss\/it\/module\/responsabilita-del-consiglio-di-amministrazione\/\">\n\t\t\t<div class=\"cg-module-card\">\n\t\t\t\t<div class=\"cg-module-img-container\">\n\t\t\t\t\t<img decoding=\"async\" src=\"https:\/\/guide.trustvalley.swiss\/wp-content\/uploads\/2022\/12\/guide-cyber-icons_7.png\" \/>\n\t\t\t\t<\/div>\n\t\t\t\t<div class=\"cg-module-title\">Responsabilit\u00e0 del consiglio di amministrazione<\/div>\n\n\t\t\t\t<div class=\"cg-module-subtitle\">\n\t\t\t\t\tComprendere le responsabilit\u00e0 del Consiglio di amministrazione in caso di attacchi informatici.\t\t\t\t<\/div>\n\t\t\t<\/div>\n\t\t<\/a>\n\t\t\t\t<a href=\"https:\/\/guide.trustvalley.swiss\/it\/module\/risorse\/\">\n\t\t\t<div class=\"cg-module-card\">\n\t\t\t\t<div class=\"cg-module-img-container\">\n\t\t\t\t\t<img decoding=\"async\" src=\"https:\/\/guide.trustvalley.swiss\/wp-content\/uploads\/2022\/12\/guide-cyber-icons_8.png\" \/>\n\t\t\t\t<\/div>\n\t\t\t\t<div class=\"cg-module-title\">Risorse<\/div>\n\n\t\t\t\t<div class=\"cg-module-subtitle\">\n\t\t\t\t\tMisurare e valutare la maturit\u00e0 informatica della vostra PMI\t\t\t\t<\/div>\n\t\t\t<\/div>\n\t\t<\/a>\n\t\t<\/div>\n\n\n<p><\/p>\n<\/div>\n\n\n\n<div style=\"height:100px\" aria-hidden=\"true\" class=\"wp-block-spacer\"><\/div>\n","protected":false},"excerpt":{"rendered":"<p>Moduli<\/p>\n","protected":false},"author":1,"featured_media":0,"parent":0,"menu_order":0,"comment_status":"closed","ping_status":"closed","template":"","meta":{"_kad_blocks_custom_css":"","_kad_blocks_head_custom_js":"","_kad_blocks_body_custom_js":"","_kad_blocks_footer_custom_js":"","footnotes":""},"searchablecategory":[],"class_list":["post-1689","page","type-page","status-publish","hentry"],"taxonomy_info":[],"featured_image_src_large":false,"author_info":{"display_name":"admin","author_link":"https:\/\/guide.trustvalley.swiss\/it\/author\/admin\/"},"comment_info":0,"_links":{"self":[{"href":"https:\/\/guide.trustvalley.swiss\/it\/wp-json\/wp\/v2\/pages\/1689","targetHints":{"allow":["GET"]}}],"collection":[{"href":"https:\/\/guide.trustvalley.swiss\/it\/wp-json\/wp\/v2\/pages"}],"about":[{"href":"https:\/\/guide.trustvalley.swiss\/it\/wp-json\/wp\/v2\/types\/page"}],"author":[{"embeddable":true,"href":"https:\/\/guide.trustvalley.swiss\/it\/wp-json\/wp\/v2\/users\/1"}],"replies":[{"embeddable":true,"href":"https:\/\/guide.trustvalley.swiss\/it\/wp-json\/wp\/v2\/comments?post=1689"}],"version-history":[{"count":4,"href":"https:\/\/guide.trustvalley.swiss\/it\/wp-json\/wp\/v2\/pages\/1689\/revisions"}],"predecessor-version":[{"id":2046,"href":"https:\/\/guide.trustvalley.swiss\/it\/wp-json\/wp\/v2\/pages\/1689\/revisions\/2046"}],"wp:attachment":[{"href":"https:\/\/guide.trustvalley.swiss\/it\/wp-json\/wp\/v2\/media?parent=1689"}],"wp:term":[{"taxonomy":"searchablecategory","embeddable":true,"href":"https:\/\/guide.trustvalley.swiss\/it\/wp-json\/wp\/v2\/searchablecategory?post=1689"}],"curies":[{"name":"wp","href":"https:\/\/api.w.org\/{rel}","templated":true}]}}