{"id":1814,"date":"2023-02-01T19:40:25","date_gmt":"2023-02-01T19:40:25","guid":{"rendered":"https:\/\/guide.trustvalley.swiss\/nota-editoriale\/"},"modified":"2023-07-04T07:06:38","modified_gmt":"2023-07-04T07:06:38","slug":"nota-editoriale","status":"publish","type":"page","link":"https:\/\/guide.trustvalley.swiss\/it\/nota-editoriale\/","title":{"rendered":"Nota editoriale"},"content":{"rendered":"\n<h2 class=\"wp-block-heading\">Nota editoriale<\/h2>\n\n<p>La guida \u00abSicurezza digitale: guida pratica per le PMI\u00bb mira a fornire alle piccole e medie imprese (PMI) in Svizzera le conoscenze e gli strumenti necessari per proteggersi meglio dai ciberattacchi e reagire efficacemente in caso d\u2019incidente.<\/p>\n\n<p>La guida contiene consigli, testimonianze e pareri tecnici scaturiti da oltre 50 ore di eventi, discussioni e scambi nell\u2019ambito del programma di accompagnamento in materia di cibersicurezza e fiducia digitale Trust4SMEs. Ogni anno il programma offre diagnosi, attivit\u00e0 di sensibilizzazione, corsi di formazione per dirigenti e coaching personalizzati nonch\u00e9 misure e consigli a una ventina di PMI della regione dell\u2019Arco lemanico. Per maggiori informazioni: <a href=\"http:\/\/www.trustvalley.swiss\/trust4smes\">www.trustvalley.swiss\/trust4smes.<\/a>  <\/p>\n\n<p>I termini di genere maschile si riferiscono a persone di qualunque genere.<\/p>\n\n<p>La Trust Valley si riserva il diritto di modificare, aggiornare o cancellare la presente guida o qualsiasi suo contenuto. La guida ha uno scopo puramente informativo e deve essere accessibile gratuitamente. <\/p>\n\n<p>Trust Valley non garantisce la qualit\u00e0, la completezza, l&#8217;accuratezza, l&#8217;affidabilit\u00e0, l&#8217;adeguatezza o la disponibilit\u00e0 delle informazioni e dei contenuti di questa guida. I lettori e gli utenti di questa guida sono gli unici responsabili della determinazione delle misure di sicurezza digitale adeguate alla loro situazione e della loro efficacia. <\/p>\n\n<p>Nulla di quanto contenuto in questa guida costituisce un&#8217;offerta o una fornitura di servizi. La Trust Valley non si assume alcuna responsabilit\u00e0 al riguardo e non pu\u00f2 essere ritenuta responsabile in nessun caso. <\/p>\n\n<h3 class=\"wp-block-heading\" style=\"padding-top:var(--wp--preset--spacing--40);padding-right:0;padding-bottom:var(--wp--preset--spacing--30);padding-left:0\">Copyright notice<\/h3>\n\n<p>2023 \u00a9 Trust Valley. Tutti i diritti riservati<\/p>\n","protected":false},"excerpt":{"rendered":"<p>Nota editoriale La guida \u00abSicurezza digitale: guida pratica per le PMI\u00bb mira a fornire alle piccole e medie imprese (PMI) in Svizzera le conoscenze e gli strumenti necessari per proteggersi meglio dai ciberattacchi e reagire efficacemente in caso d\u2019incidente. La guida contiene consigli, testimonianze e pareri tecnici scaturiti da oltre 50 ore di eventi, discussioni [&hellip;]<\/p>\n","protected":false},"author":2,"featured_media":0,"parent":0,"menu_order":0,"comment_status":"closed","ping_status":"closed","template":"","meta":{"_kad_blocks_custom_css":"","_kad_blocks_head_custom_js":"","_kad_blocks_body_custom_js":"","_kad_blocks_footer_custom_js":"","footnotes":""},"searchablecategory":[],"class_list":["post-1814","page","type-page","status-publish","hentry"],"taxonomy_info":[],"featured_image_src_large":false,"author_info":{"display_name":"Josua Rochat","author_link":"https:\/\/guide.trustvalley.swiss\/it\/author\/josua\/"},"comment_info":0,"_links":{"self":[{"href":"https:\/\/guide.trustvalley.swiss\/it\/wp-json\/wp\/v2\/pages\/1814","targetHints":{"allow":["GET"]}}],"collection":[{"href":"https:\/\/guide.trustvalley.swiss\/it\/wp-json\/wp\/v2\/pages"}],"about":[{"href":"https:\/\/guide.trustvalley.swiss\/it\/wp-json\/wp\/v2\/types\/page"}],"author":[{"embeddable":true,"href":"https:\/\/guide.trustvalley.swiss\/it\/wp-json\/wp\/v2\/users\/2"}],"replies":[{"embeddable":true,"href":"https:\/\/guide.trustvalley.swiss\/it\/wp-json\/wp\/v2\/comments?post=1814"}],"version-history":[{"count":1,"href":"https:\/\/guide.trustvalley.swiss\/it\/wp-json\/wp\/v2\/pages\/1814\/revisions"}],"predecessor-version":[{"id":1815,"href":"https:\/\/guide.trustvalley.swiss\/it\/wp-json\/wp\/v2\/pages\/1814\/revisions\/1815"}],"wp:attachment":[{"href":"https:\/\/guide.trustvalley.swiss\/it\/wp-json\/wp\/v2\/media?parent=1814"}],"wp:term":[{"taxonomy":"searchablecategory","embeddable":true,"href":"https:\/\/guide.trustvalley.swiss\/it\/wp-json\/wp\/v2\/searchablecategory?post=1814"}],"curies":[{"name":"wp","href":"https:\/\/api.w.org\/{rel}","templated":true}]}}